{"id":411,"date":"2024-04-29T11:06:55","date_gmt":"2024-04-29T09:06:55","guid":{"rendered":"https:\/\/shebleeds.kinsta.cloud\/blog\/"},"modified":"2024-06-05T14:38:22","modified_gmt":"2024-06-05T12:38:22","slug":"pour-les-professionnels-de-la-sante","status":"publish","type":"page","link":"https:\/\/www.shebleeds.be\/fr\/pour-les-professionnels-de-la-sante\/","title":{"rendered":"Pour les professionnels de la sant\u00e9"},"content":{"rendered":"<div class=\"wpb-content-wrapper\">[vc_row][vc_column]<div class=\"wpex-post-cards wpex-post-cards-template_846 wpex-relative\"><div class=\"wpex-post-cards-inner\"><div class=\"wpex-post-cards-loop wpex-post-cards-grid wpex-row wpex-clr\"><div class=\"wpex-post-cards-entry col col-1 span_1_of_3 span_1_of_2_tl span_1_of_1_pl post-810 type-post cat-16 translation_priority-7\"><div class=\"wpex-card wpex-card-template_846 blog-card\"><div class=\"wpex-card-inner\"><div class=\"vc_row wpb_row vc_row-fluid wpex-relative\"><div class=\"wpb_column vc_column_container vc_col-sm-12\"><div class=\"vc_column-inner\"><div class=\"wpb_wrapper\"><h2 class=\"vcex-heading vcex-heading-plain vcex-module wpex-heading wpex-text-2xl wpex-h2\"><a href=\"https:\/\/www.shebleeds.be\/wp-content\/uploads\/2024\/06\/SheBleeds_RedesignTechnischeFiche1_FR-1.pdf\" class=\"wpex-no-underline\" target=\"_blank\" rel=\"noopener noreferrer\"><span class=\"vcex-heading-inner wpex-inline-block\">Les diff\u00e9rents types de la maladie de von Willebrand<\/span><\/a><\/h2><a href=\"https:\/\/www.shebleeds.be\/wp-content\/uploads\/2024\/06\/SheBleeds_RedesignTechnischeFiche1_FR-1.pdf\" class=\"vcex-button theme-txt-link wpex-inline-block inline\" target=\"_blank\" rel=\"noopener noreferrer\"><span class=\"vcex-button-inner theme-button-inner wpex-flex wpex-flex-wrap wpex-items-center wpex-justify-center\"><span class=\"vcex-button-icon vcex-icon-wrap theme-button-icon-left\"><span class=\"wpex-icon\" aria-hidden=\"true\"><svg xmlns=\"http:\/\/www.w3.org\/2000\/svg\" viewBox=\"0 0 512 512\"><path d=\"M256 512A256 256 0 1 0 256 0a256 256 0 1 0 0 512zM232 344V280H168c-13.3 0-24-10.7-24-24s10.7-24 24-24h64V168c0-13.3 10.7-24 24-24s24 10.7 24 24v64h64c13.3 0 24 10.7 24 24s-10.7 24-24 24H280v64c0 13.3-10.7 24-24 24s-24-10.7-24-24z\"\/><\/svg><\/span><\/span>T\u00e9l\u00e9charger la fiche technique<\/span><\/a> <\/div><\/div><\/div><\/div>\r\n<\/div><\/div><\/div><div class=\"wpex-post-cards-entry col col-2 span_1_of_3 span_1_of_2_tl span_1_of_1_pl post-827 type-post cat-16 translation_priority-7\"><div class=\"wpex-card wpex-card-template_846 blog-card\"><div class=\"wpex-card-inner\"><div class=\"vc_row wpb_row vc_row-fluid wpex-relative\"><div class=\"wpb_column vc_column_container vc_col-sm-12\"><div class=\"vc_column-inner\"><div class=\"wpb_wrapper\"><h2 class=\"vcex-heading vcex-heading-plain vcex-module wpex-heading wpex-text-2xl wpex-h2\"><a href=\"https:\/\/www.shebleeds.be\/wp-content\/uploads\/2024\/06\/SheBleeds_RedesignTechnischeFiche2_FR-1.pdf\" class=\"wpex-no-underline\" target=\"_blank\" rel=\"noopener noreferrer\"><span class=\"vcex-heading-inner wpex-inline-block\">Transmission \/ pr\u00e9valence \/ tendances h\u00e9morragiques des diff\u00e9rents types de maladie de von Willebrand<\/span><\/a><\/h2><a href=\"https:\/\/www.shebleeds.be\/wp-content\/uploads\/2024\/06\/SheBleeds_RedesignTechnischeFiche2_FR-1.pdf\" class=\"vcex-button theme-txt-link wpex-inline-block inline\" target=\"_blank\" rel=\"noopener noreferrer\"><span class=\"vcex-button-inner theme-button-inner wpex-flex wpex-flex-wrap wpex-items-center wpex-justify-center\"><span class=\"vcex-button-icon vcex-icon-wrap theme-button-icon-left\"><span class=\"wpex-icon\" aria-hidden=\"true\"><svg xmlns=\"http:\/\/www.w3.org\/2000\/svg\" viewBox=\"0 0 512 512\"><path d=\"M256 512A256 256 0 1 0 256 0a256 256 0 1 0 0 512zM232 344V280H168c-13.3 0-24-10.7-24-24s10.7-24 24-24h64V168c0-13.3 10.7-24 24-24s24 10.7 24 24v64h64c13.3 0 24 10.7 24 24s-10.7 24-24 24H280v64c0 13.3-10.7 24-24 24s-24-10.7-24-24z\"\/><\/svg><\/span><\/span>T\u00e9l\u00e9charger la fiche technique<\/span><\/a> <\/div><\/div><\/div><\/div>\r\n<\/div><\/div><\/div><div class=\"wpex-post-cards-entry col col-3 span_1_of_3 span_1_of_2_tl span_1_of_1_pl post-830 type-post cat-16 translation_priority-7\"><div class=\"wpex-card wpex-card-template_846 blog-card\"><div class=\"wpex-card-inner\"><div class=\"vc_row wpb_row vc_row-fluid wpex-relative\"><div class=\"wpb_column vc_column_container vc_col-sm-12\"><div class=\"vc_column-inner\"><div class=\"wpb_wrapper\"><h2 class=\"vcex-heading vcex-heading-plain vcex-module wpex-heading wpex-text-2xl wpex-h2\"><a href=\"https:\/\/www.shebleeds.be\/wp-content\/uploads\/2024\/06\/SheBleeds_RedesignTechnischeFiche3_FR-1.pdf\" class=\"wpex-no-underline\" target=\"_blank\" rel=\"noopener noreferrer\"><span class=\"vcex-heading-inner wpex-inline-block\">Caract\u00e9ristiques sp\u00e9cifiques par type de maladie de von Willebrand<\/span><\/a><\/h2><a href=\"https:\/\/www.shebleeds.be\/wp-content\/uploads\/2024\/06\/SheBleeds_RedesignTechnischeFiche3_FR-1.pdf\" class=\"vcex-button theme-txt-link wpex-inline-block inline\" target=\"_blank\" rel=\"noopener noreferrer\"><span class=\"vcex-button-inner theme-button-inner wpex-flex wpex-flex-wrap wpex-items-center wpex-justify-center\"><span class=\"vcex-button-icon vcex-icon-wrap theme-button-icon-left\"><span class=\"wpex-icon\" aria-hidden=\"true\"><svg xmlns=\"http:\/\/www.w3.org\/2000\/svg\" viewBox=\"0 0 512 512\"><path d=\"M256 512A256 256 0 1 0 256 0a256 256 0 1 0 0 512zM232 344V280H168c-13.3 0-24-10.7-24-24s10.7-24 24-24h64V168c0-13.3 10.7-24 24-24s24 10.7 24 24v64h64c13.3 0 24 10.7 24 24s-10.7 24-24 24H280v64c0 13.3-10.7 24-24 24s-24-10.7-24-24z\"\/><\/svg><\/span><\/span>T\u00e9l\u00e9charger la fiche technique<\/span><\/a> <\/div><\/div><\/div><\/div>\r\n<\/div><\/div><\/div><div class=\"wpex-post-cards-entry col col-1 span_1_of_3 span_1_of_2_tl span_1_of_1_pl post-833 type-post cat-16 translation_priority-7\"><div class=\"wpex-card wpex-card-template_846 blog-card\"><div class=\"wpex-card-inner\"><div class=\"vc_row wpb_row vc_row-fluid wpex-relative\"><div class=\"wpb_column vc_column_container vc_col-sm-12\"><div class=\"vc_column-inner\"><div class=\"wpb_wrapper\"><h2 class=\"vcex-heading vcex-heading-plain vcex-module wpex-heading wpex-text-2xl wpex-h2\"><a href=\"https:\/\/www.shebleeds.be\/wp-content\/uploads\/2024\/06\/SheBleeds_RedesignTechnischeFiche4_FR-1.pdf\" class=\"wpex-no-underline\" target=\"_blank\" rel=\"noopener noreferrer\"><span class=\"vcex-heading-inner wpex-inline-block\">M\u00e9dicaments \u00e0 \u00e9viter chez les patients atteints de la maladie de von Willebrand*<\/span><\/a><\/h2><a href=\"https:\/\/www.shebleeds.be\/wp-content\/uploads\/2024\/06\/SheBleeds_RedesignTechnischeFiche4_FR-1.pdf\" class=\"vcex-button theme-txt-link wpex-inline-block inline\" target=\"_blank\" rel=\"noopener noreferrer\"><span class=\"vcex-button-inner theme-button-inner wpex-flex wpex-flex-wrap wpex-items-center wpex-justify-center\"><span class=\"vcex-button-icon vcex-icon-wrap theme-button-icon-left\"><span class=\"wpex-icon\" aria-hidden=\"true\"><svg xmlns=\"http:\/\/www.w3.org\/2000\/svg\" viewBox=\"0 0 512 512\"><path d=\"M256 512A256 256 0 1 0 256 0a256 256 0 1 0 0 512zM232 344V280H168c-13.3 0-24-10.7-24-24s10.7-24 24-24h64V168c0-13.3 10.7-24 24-24s24 10.7 24 24v64h64c13.3 0 24 10.7 24 24s-10.7 24-24 24H280v64c0 13.3-10.7 24-24 24s-24-10.7-24-24z\"\/><\/svg><\/span><\/span>T\u00e9l\u00e9charger la fiche technique<\/span><\/a> <\/div><\/div><\/div><\/div>\r\n<\/div><\/div><\/div><div class=\"wpex-post-cards-entry col col-2 span_1_of_3 span_1_of_2_tl span_1_of_1_pl post-839 type-post cat-16 translation_priority-7\"><div class=\"wpex-card wpex-card-template_846 blog-card\"><div class=\"wpex-card-inner\"><div class=\"vc_row wpb_row vc_row-fluid wpex-relative\"><div class=\"wpb_column vc_column_container vc_col-sm-12\"><div class=\"vc_column-inner\"><div class=\"wpb_wrapper\"><h2 class=\"vcex-heading vcex-heading-plain vcex-module wpex-heading wpex-text-2xl wpex-h2\"><a href=\"https:\/\/www.shebleeds.be\/wp-content\/uploads\/2024\/06\/SheBleeds_RedesignTechnischeFiche5_FR-1.pdf\" class=\"wpex-no-underline\" target=\"_blank\" rel=\"noopener noreferrer\"><span class=\"vcex-heading-inner wpex-inline-block\">Le g\u00e8ne du FvW et ses domaines fonctionnels<\/span><\/a><\/h2><a href=\"https:\/\/www.shebleeds.be\/wp-content\/uploads\/2024\/06\/SheBleeds_RedesignTechnischeFiche5_FR-1.pdf\" class=\"vcex-button theme-txt-link wpex-inline-block inline\" target=\"_blank\" rel=\"noopener noreferrer\"><span class=\"vcex-button-inner theme-button-inner wpex-flex wpex-flex-wrap wpex-items-center wpex-justify-center\"><span class=\"vcex-button-icon vcex-icon-wrap theme-button-icon-left\"><span class=\"wpex-icon\" aria-hidden=\"true\"><svg xmlns=\"http:\/\/www.w3.org\/2000\/svg\" viewBox=\"0 0 512 512\"><path d=\"M256 512A256 256 0 1 0 256 0a256 256 0 1 0 0 512zM232 344V280H168c-13.3 0-24-10.7-24-24s10.7-24 24-24h64V168c0-13.3 10.7-24 24-24s24 10.7 24 24v64h64c13.3 0 24 10.7 24 24s-10.7 24-24 24H280v64c0 13.3-10.7 24-24 24s-24-10.7-24-24z\"\/><\/svg><\/span><\/span>T\u00e9l\u00e9charger la fiche technique<\/span><\/a> <\/div><\/div><\/div><\/div>\r\n<\/div><\/div><\/div><div class=\"wpex-post-cards-entry col col-3 span_1_of_3 span_1_of_2_tl span_1_of_1_pl post-892 type-post cat-16\"><div class=\"wpex-card wpex-card-template_846 blog-card\"><div class=\"wpex-card-inner\"><div class=\"vc_row wpb_row vc_row-fluid wpex-relative\"><div class=\"wpb_column vc_column_container vc_col-sm-12\"><div class=\"vc_column-inner\"><div class=\"wpb_wrapper\"><h2 class=\"vcex-heading vcex-heading-plain vcex-module wpex-heading wpex-text-2xl wpex-h2\"><a href=\"https:\/\/www.shebleeds.be\/wp-content\/uploads\/2024\/06\/SheBleeds_RedesignTechnischeFiche6_FR-1.pdf\" class=\"wpex-no-underline\" target=\"_blank\" rel=\"noopener noreferrer\"><span class=\"vcex-heading-inner wpex-inline-block\">Les multim\u00e8res du FvW<\/span><\/a><\/h2><a href=\"https:\/\/www.shebleeds.be\/wp-content\/uploads\/2024\/06\/SheBleeds_RedesignTechnischeFiche6_FR-1.pdf\" class=\"vcex-button theme-txt-link wpex-inline-block inline\" target=\"_blank\" rel=\"noopener noreferrer\"><span class=\"vcex-button-inner theme-button-inner wpex-flex wpex-flex-wrap wpex-items-center wpex-justify-center\"><span class=\"vcex-button-icon vcex-icon-wrap theme-button-icon-left\"><span class=\"wpex-icon\" aria-hidden=\"true\"><svg xmlns=\"http:\/\/www.w3.org\/2000\/svg\" viewBox=\"0 0 512 512\"><path d=\"M256 512A256 256 0 1 0 256 0a256 256 0 1 0 0 512zM232 344V280H168c-13.3 0-24-10.7-24-24s10.7-24 24-24h64V168c0-13.3 10.7-24 24-24s24 10.7 24 24v64h64c13.3 0 24 10.7 24 24s-10.7 24-24 24H280v64c0 13.3-10.7 24-24 24s-24-10.7-24-24z\"\/><\/svg><\/span><\/span>T\u00e9l\u00e9charger la fiche technique<\/span><\/a> <\/div><\/div><\/div><\/div>\r\n<\/div><\/div><\/div><\/div><\/div><\/div>[\/vc_column][\/vc_row]\n<\/div>","protected":false},"excerpt":{"rendered":"","protected":false},"author":1,"featured_media":0,"parent":0,"menu_order":0,"comment_status":"closed","ping_status":"closed","template":"","meta":{"_acf_changed":false,"footnotes":""},"class_list":["post-411","page","type-page","status-publish","hentry","entry","no-media"],"acf":[],"_links":{"self":[{"href":"https:\/\/www.shebleeds.be\/fr\/wp-json\/wp\/v2\/pages\/411","targetHints":{"allow":["GET"]}}],"collection":[{"href":"https:\/\/www.shebleeds.be\/fr\/wp-json\/wp\/v2\/pages"}],"about":[{"href":"https:\/\/www.shebleeds.be\/fr\/wp-json\/wp\/v2\/types\/page"}],"author":[{"embeddable":true,"href":"https:\/\/www.shebleeds.be\/fr\/wp-json\/wp\/v2\/users\/1"}],"replies":[{"embeddable":true,"href":"https:\/\/www.shebleeds.be\/fr\/wp-json\/wp\/v2\/comments?post=411"}],"version-history":[{"count":5,"href":"https:\/\/www.shebleeds.be\/fr\/wp-json\/wp\/v2\/pages\/411\/revisions"}],"predecessor-version":[{"id":848,"href":"https:\/\/www.shebleeds.be\/fr\/wp-json\/wp\/v2\/pages\/411\/revisions\/848"}],"wp:attachment":[{"href":"https:\/\/www.shebleeds.be\/fr\/wp-json\/wp\/v2\/media?parent=411"}],"curies":[{"name":"wp","href":"https:\/\/api.w.org\/{rel}","templated":true}]}}